{"id":24,"date":"2012-11-20T16:00:30","date_gmt":"2012-11-20T16:00:30","guid":{"rendered":"http:\/\/www.barts-muts.nl\/?page_id=24"},"modified":"2024-03-07T10:34:13","modified_gmt":"2024-03-07T10:34:13","slug":"impressum","status":"publish","type":"page","link":"https:\/\/barts-muts.nl\/?page_id=24","title":{"rendered":"Impressum"},"content":{"rendered":"<div class=\"twoclick_social_bookmarks_post_24 social_share_privacy clearfix 1.6.4 locale-de_DE sprite-de_DE\"><\/div><div class=\"twoclick-js\"><script type=\"text\/javascript\">\/* <![CDATA[ *\/\njQuery(document).ready(function($){if($('.twoclick_social_bookmarks_post_24')){$('.twoclick_social_bookmarks_post_24').socialSharePrivacy({\"services\":{\"facebook\":{\"status\":\"on\",\"txt_info\":\"2 Klicks f\\u00fcr mehr Datenschutz: Erst wenn Sie hier klicken, wird der Button aktiv und Sie k\\u00f6nnen Ihre Empfehlung an Facebook senden. Schon beim Aktivieren werden Daten an Dritte \\u00fcbertragen - siehe <em>i<\\\/em>.\",\"perma_option\":\"off\",\"action\":\"recommend\",\"language\":\"de_DE\"},\"twitter\":{\"reply_to\":\"\",\"tweet_text\":\"Impressum%20%C2%BB%20Barts-Muts.nl\",\"status\":\"on\",\"txt_info\":\"2 Klicks f\\u00fcr mehr Datenschutz: Erst wenn Sie hier klicken, wird der Button aktiv und Sie k\\u00f6nnen Ihre Empfehlung an Twitter senden. Schon beim Aktivieren werden Daten an Dritte \\u00fcbertragen - siehe <em>i<\\\/em>.\",\"perma_option\":\"off\",\"language\":\"de\",\"referrer_track\":\"\"},\"gplus\":{\"status\":\"on\",\"txt_info\":\"2 Klicks f\\u00fcr mehr Datenschutz: Erst wenn Sie hier klicken, wird der Button aktiv und Sie k\\u00f6nnen Ihre Empfehlung an Google+ senden. Schon beim Aktivieren werden Daten an Dritte \\u00fcbertragen - siehe <em>i<\\\/em>.\",\"perma_option\":\"off\",\"referrer_track\":\"\"}},\"txt_help\":\"Wenn Sie diese Felder durch einen Klick aktivieren, werden Informationen an Facebook, Twitter, Flattr, Xing, t3n, LinkedIn, Pinterest oder Google eventuell ins Ausland \\u00fcbertragen und unter Umst\\u00e4nden auch dort gespeichert. N\\u00e4heres erfahren Sie durch einen Klick auf das <em>i<\\\/em>.\",\"settings_perma\":\"Dauerhaft aktivieren und Daten\\u00fcber-tragung zustimmen:\",\"info_link\":\"http:\\\/\\\/www.heise.de\\\/ct\\\/artikel\\\/2-Klicks-fuer-mehr-Datenschutz-1333879.html\",\"uri\":\"https:\\\/\\\/barts-muts.nl\\\/?page_id=24\",\"post_id\":24,\"post_title_referrer_track\":\"Impressum\",\"display_infobox\":\"on\"});}});\n\/* ]]> *\/<\/script><\/div><div>\n<p><a title=\"Barts-Muts.nl\" href=\"http:\/\/www.Barts-Muts.nl\">Barts-Muts.nl<\/a><br \/>\nANTHEC GmbH &amp; Co. KG<br \/>\nWilly-Brandt-Weg 36<br \/>\n48155 M\u00fcnster<br \/>\nDuitsland<\/p>\n<p>E-Mail: <a href=\"mailto:support@anthec.de\">support@barts-muts.nl<\/a><br \/>\nTelefon: 0049 251-3226540<br \/>\nTelefax: 0049 251-32265413<\/p>\n<p>Amtsgericht M\u00fcnster Westfalen \u2013 HRA 9122<br \/>\nUSt-IdNr: DE277126466<br \/>\nvertegenwordigt door ANTHEC Verwaltungsgesellschaft mbH,<br \/>\ndeze wordt vertegenwordigt door de zaakvoerders Andr\u00e9 Beelmann,<br \/>\nThomas Klatt en J\u00e9r\u00f4me Louis Amtsgericht M\u00fcnster (Westf.) \u2013 HRB 13145<\/p>\n<p>De inhoud van deze sites zijn het eigendom (als niet anders bepaald) van de ANTHEC GmbH M\u00fcnster.<\/p>\n<\/div>\n","protected":false},"excerpt":{"rendered":"<p>Barts-Muts.nl ANTHEC GmbH &amp; Co. KG Willy-Brandt-Weg 36 48155 M\u00fcnster Duitsland E-Mail: support@barts-muts.nl Telefon: 0049 251-3226540 Telefax: 0049 251-32265413 Amtsgericht M\u00fcnster Westfalen \u2013 HRA 9122 USt-IdNr: DE277126466 vertegenwordigt door ANTHEC Verwaltungsgesellschaft mbH, deze wordt vertegenwordigt door de zaakvoerders Andr\u00e9 Beelmann, &hellip; <a href=\"https:\/\/barts-muts.nl\/?page_id=24\">Weiterlesen <span class=\"meta-nav\">&rarr;<\/span><\/a><\/p>\n","protected":false},"author":1,"featured_media":0,"parent":0,"menu_order":0,"comment_status":"closed","ping_status":"closed","template":"","meta":[],"_links":{"self":[{"href":"https:\/\/barts-muts.nl\/index.php?rest_route=\/wp\/v2\/pages\/24"}],"collection":[{"href":"https:\/\/barts-muts.nl\/index.php?rest_route=\/wp\/v2\/pages"}],"about":[{"href":"https:\/\/barts-muts.nl\/index.php?rest_route=\/wp\/v2\/types\/page"}],"author":[{"embeddable":true,"href":"https:\/\/barts-muts.nl\/index.php?rest_route=\/wp\/v2\/users\/1"}],"replies":[{"embeddable":true,"href":"https:\/\/barts-muts.nl\/index.php?rest_route=%2Fwp%2Fv2%2Fcomments&post=24"}],"version-history":[{"count":2,"href":"https:\/\/barts-muts.nl\/index.php?rest_route=\/wp\/v2\/pages\/24\/revisions"}],"predecessor-version":[{"id":44,"href":"https:\/\/barts-muts.nl\/index.php?rest_route=\/wp\/v2\/pages\/24\/revisions\/44"}],"wp:attachment":[{"href":"https:\/\/barts-muts.nl\/index.php?rest_route=%2Fwp%2Fv2%2Fmedia&parent=24"}],"curies":[{"name":"wp","href":"https:\/\/api.w.org\/{rel}","templated":true}]}}